{"id":9015,"date":"2023-09-18T08:18:07","date_gmt":"2023-09-18T08:18:07","guid":{"rendered":"https:\/\/raisepartner.wpenginepowered.com\/politique-de-confidentialite\/"},"modified":"2024-05-02T13:17:05","modified_gmt":"2024-05-02T13:17:05","slug":"politique-de-confidentialite","status":"publish","type":"page","link":"https:\/\/raisepartner.com\/fr\/politique-de-confidentialite\/","title":{"rendered":"Politique de confidentialit\u00e9"},"content":{"rendered":"\t\t<div data-elementor-type=\"wp-page\" data-elementor-id=\"9015\" class=\"elementor elementor-9015\" data-elementor-post-type=\"page\">\n\t\t\t\t\t\t<section class=\"elementor-section elementor-top-section elementor-element elementor-element-10d659e elementor-section-full_width elementor-section-height-min-height elementor-section-height-default elementor-section-items-middle\" data-id=\"10d659e\" data-element_type=\"section\" data-e-type=\"section\" data-settings=\"{&quot;background_background&quot;:&quot;classic&quot;}\">\n\t\t\t\t\t\t<div class=\"elementor-container elementor-column-gap-default\">\n\t\t\t\t\t<div class=\"elementor-column elementor-col-100 elementor-top-column elementor-element elementor-element-d440a1c\" data-id=\"d440a1c\" data-element_type=\"column\" data-e-type=\"column\" data-settings=\"{&quot;background_background&quot;:&quot;classic&quot;}\">\n\t\t\t<div class=\"elementor-widget-wrap elementor-element-populated\">\n\t\t\t\t\t<div class=\"elementor-background-overlay\"><\/div>\n\t\t\t\t\t\t<div class=\"elementor-element elementor-element-31639be elementor-widget elementor-widget-spacer\" data-id=\"31639be\" data-element_type=\"widget\" data-e-type=\"widget\" data-widget_type=\"spacer.default\">\n\t\t\t\t<div class=\"elementor-widget-container\">\n\t\t\t\t\t\t\t<div class=\"elementor-spacer\">\n\t\t\t<div class=\"elementor-spacer-inner\"><\/div>\n\t\t<\/div>\n\t\t\t\t\t\t<\/div>\n\t\t\t\t<\/div>\n\t\t\t\t<div class=\"elementor-element elementor-element-052cd5c elementor-widget elementor-widget-hub_fancy_heading\" data-id=\"052cd5c\" data-element_type=\"widget\" data-e-type=\"widget\" data-widget_type=\"hub_fancy_heading.default\">\n\t\t\t\t<div class=\"elementor-widget-container\">\n\t\t\t\t\t\n\t\t<div id=\"ld-fancy-heading-69dccc713b474\" class=\"ld-fancy-heading pos-rel\">\n\t\t\t<h1 class=\"ld-fh-element d-inline-block pos-rel  elementor-heading-title lqd-highlight-classic lqd-highlight-grow-left h1\"  > Politique de confidentialit\u00e9<\/h1>\t\t<\/div>\n\n\t\t\t\t\t\t<\/div>\n\t\t\t\t<\/div>\n\t\t\t\t<div class=\"elementor-element elementor-element-a90d513 elementor-widget-mobile__width-auto breadcrumb elementor-widget elementor-widget-ld_breadcrumb\" data-id=\"a90d513\" data-element_type=\"widget\" data-e-type=\"widget\" data-widget_type=\"ld_breadcrumb.default\">\n\t\t\t\t<div class=\"elementor-widget-container\">\n\t\t\t\t\t<div class=\"lqd-breadcrumb-wrapper\"><nav role=\"navigation\" aria-label=\"Breadcrumbs\" class=\"breadcrumbs\"><ol class=\"breadcrumb reset-ul inline-nav inline-ul comma-sep-li\"><li class=\"breadcrumb-item active\"><a href=\"https:\/\/raisepartner.com\/fr\/\" rel=\"home\"><span>Home<\/span><\/a><\/li><\/ol><\/nav><\/div>\t\t\t\t<\/div>\n\t\t\t\t<\/div>\n\t\t\t\t<div class=\"elementor-element elementor-element-fa2c10a elementor-widget elementor-widget-spacer\" data-id=\"fa2c10a\" data-element_type=\"widget\" data-e-type=\"widget\" data-widget_type=\"spacer.default\">\n\t\t\t\t<div class=\"elementor-widget-container\">\n\t\t\t\t\t\t\t<div class=\"elementor-spacer\">\n\t\t\t<div class=\"elementor-spacer-inner\"><\/div>\n\t\t<\/div>\n\t\t\t\t\t\t<\/div>\n\t\t\t\t<\/div>\n\t\t\t\t\t<\/div>\n\t\t<\/div>\n\t\t\t\t\t<\/div>\n\t\t<\/section>\n\t\t\t\t<section class=\"elementor-section elementor-top-section elementor-element elementor-element-cea47be elementor-section-boxed elementor-section-height-default elementor-section-height-default\" data-id=\"cea47be\" data-element_type=\"section\" data-e-type=\"section\" id=\"company\">\n\t\t\t\t\t\t<div class=\"elementor-container elementor-column-gap-no\">\n\t\t\t\t\t<div class=\"elementor-column elementor-col-100 elementor-top-column elementor-element elementor-element-3656d36\" data-id=\"3656d36\" data-element_type=\"column\" data-e-type=\"column\">\n\t\t\t<div class=\"elementor-widget-wrap elementor-element-populated\">\n\t\t\t\t\t\t<section data-custom-animations=\"true\" data-ca-options=\"{&quot;addChildTimelines&quot;:false,&quot;trigger&quot;:&quot;firstChild&quot;,&quot;animationTarget&quot;:&quot;:scope &gt; .elementor-container &gt; .elementor-column&quot;,&quot;startDelay&quot;:200,&quot;ease&quot;:[&quot;power4.out&quot;],&quot;initValues&quot;:{&quot;y&quot;:&quot;30px&quot;,&quot;opacity&quot;:0,&quot;transformOrigin&quot;:&quot;50% 50% 0px&quot;},&quot;animations&quot;:{&quot;y&quot;:&quot;0px&quot;,&quot;opacity&quot;:1,&quot;transformOrigin&quot;:&quot;50% 50% 0px&quot;}}\" class=\"elementor-section elementor-inner-section elementor-element elementor-element-62f1466 elementor-section-boxed elementor-section-height-default elementor-section-height-default\" data-id=\"62f1466\" data-element_type=\"section\" data-e-type=\"section\">\n\t\t\t\t\t\t<div class=\"elementor-container elementor-column-gap-default\">\n\t\t\t\t\t<div class=\"elementor-column elementor-col-100 elementor-inner-column elementor-element elementor-element-d52d760\" data-id=\"d52d760\" data-element_type=\"column\" data-e-type=\"column\">\n\t\t\t<div class=\"elementor-widget-wrap elementor-element-populated\">\n\t\t\t\t\t\t<div class=\"elementor-element elementor-element-dd62f15 elementor-widget elementor-widget-text-editor\" data-id=\"dd62f15\" data-element_type=\"widget\" data-e-type=\"widget\" data-widget_type=\"text-editor.default\">\n\t\t\t\t<div class=\"elementor-widget-container\">\n\t\t\t\t\t\t\t\t\t<h2>Introduction<\/h2>\n<p>Bienvenue sur <a href=\"https:\/\/raisepartner.wpenginepowered.com\">https:\/\/raisepartner.wpenginepowered.com<\/a>. Nous respectons votre vie priv\u00e9e et voulons prot\u00e9ger vos donn\u00e9es personnelles. Cette politique de confidentialit\u00e9 vous informe sur la fa\u00e7on dont nous traitons vos donn\u00e9es personnelles lorsque vous visitez notre site web (quel que soit le lieu de votre visite) et vous informe sur vos droits en mati\u00e8re de vie priv\u00e9e et sur la fa\u00e7on dont la loi vous prot\u00e8ge.<\/p>\n<h2>Les donn\u00e9es que nous collectons<\/h2>\n<p>Les donn\u00e9es d&rsquo;identit\u00e9 comprennent le pr\u00e9nom, le nom, le nom d&rsquo;utilisateur ou un identifiant similaire.<\/p>\n<p>Les donn\u00e9es de contact comprennent l&rsquo;adresse, l&rsquo;adresse \u00e9lectronique et les num\u00e9ros de t\u00e9l\u00e9phone.<\/p>\n<h2>Comment nous utilisons vos donn\u00e9es<\/h2>\n<p>Nous n&rsquo;utiliserons vos donn\u00e9es personnelles que lorsque nous aurons une raison claire et l\u00e9gale de le faire. Le plus souvent, nous utiliserons vos donn\u00e9es personnelles dans les circonstances suivantes:<\/p>\n<p>Lorsque nous devons ex\u00e9cuter le contrat que nous sommes sur le point de conclure ou que nous avons conclu avec vous.<\/p>\n<h2>Protection des donn\u00e9es<\/h2>\n<p>Nous avons mis en place des mesures de s\u00e9curit\u00e9 appropri\u00e9es pour emp\u00eacher que vos donn\u00e9es personnelles soient perdues, utilis\u00e9es ou consult\u00e9es de mani\u00e8re non autoris\u00e9e.<\/p>\n<h2>Liens vers des sites tiers<\/h2>\n<p>Notre site peut contenir des liens vers des sites tiers. En cliquant sur ces liens, vous pouvez permettre \u00e0 des tiers de collecter ou de partager des donn\u00e9es vous concernant. Nous ne contr\u00f4lons pas ces sites web tiers et ne sommes pas responsables de leurs politiques de confidentialit\u00e9.<\/p>\n<h2>Vos droits<\/h2>\n<p>Selon le lieu o\u00f9 vous r\u00e9sidez, vous pouvez avoir des droits en vertu des lois sur la protection des donn\u00e9es en relation avec vos donn\u00e9es personnelles.<\/p>\n<h2>Modifications de la politique<\/h2>\n<p>Nous pouvons mettre \u00e0 jour cette politique p\u00e9riodiquement. Toute modification sera publi\u00e9e sur cette page.<\/p>\n<h2>Contactez-nous<\/h2>\n<p>Si vous avez des questions ou des pr\u00e9occupations concernant cette politique, veuillez nous contacter \u00e0 <a href=\"mailto:contact@raisepartner.com\">contact@raisepartner.com<\/a>.<\/p>\t\t\t\t\t\t\t\t<\/div>\n\t\t\t\t<\/div>\n\t\t\t\t\t<\/div>\n\t\t<\/div>\n\t\t\t\t\t<\/div>\n\t\t<\/section>\n\t\t\t\t\t<\/div>\n\t\t<\/div>\n\t\t\t\t\t<\/div>\n\t\t<\/section>\n\t\t\t\t<\/div>\n\t\t","protected":false},"excerpt":{"rendered":"<p>Politique de confidentialit\u00e9 Home Introduction Bienvenue sur https:\/\/raisepartner.wpenginepowered.com. Nous respectons votre vie priv\u00e9e et voulons prot\u00e9ger vos donn\u00e9es personnelles. Cette politique de confidentialit\u00e9 vous informe sur la fa\u00e7on dont nous traitons vos donn\u00e9es personnelles lorsque vous visitez notre site web (quel que soit le lieu de votre visite) et vous informe sur vos droits en [&hellip;]<\/p>\n","protected":false},"author":3,"featured_media":0,"parent":0,"menu_order":0,"comment_status":"closed","ping_status":"closed","template":"","meta":{"footnotes":"","_links_to":"","_links_to_target":""},"class_list":["post-9015","page","type-page","status-publish","hentry"],"yoast_head":"<!-- This site is optimized with the Yoast SEO plugin v27.2 - https:\/\/yoast.com\/product\/yoast-seo-wordpress\/ -->\n<title>Politique de confidentialit\u00e9 &#062; Raise Partner<\/title>\n<meta name=\"robots\" content=\"noindex, follow\" \/>\n<meta property=\"og:locale\" content=\"fr_FR\" \/>\n<meta property=\"og:type\" content=\"article\" \/>\n<meta property=\"og:title\" content=\"Politique de confidentialit\u00e9 &#062; Raise Partner\" \/>\n<meta property=\"og:description\" content=\"Politique de confidentialit\u00e9 Home Introduction Bienvenue sur https:\/\/raisepartner.wpenginepowered.com. Nous respectons votre vie priv\u00e9e et voulons prot\u00e9ger vos donn\u00e9es personnelles. Cette politique de confidentialit\u00e9 vous informe sur la fa\u00e7on dont nous traitons vos donn\u00e9es personnelles lorsque vous visitez notre site web (quel que soit le lieu de votre visite) et vous informe sur vos droits en [&hellip;]\" \/>\n<meta property=\"og:url\" content=\"https:\/\/raisepartner.com\/privacy-policy\/\" \/>\n<meta property=\"og:site_name\" content=\"Raise Partner\" \/>\n<meta property=\"article:modified_time\" content=\"2024-05-02T13:17:05+00:00\" \/>\n<meta property=\"og:image\" content=\"https:\/\/raisepartner.com\/wp-content\/uploads\/2020\/12\/Logo-Raise-Partner.png\" \/>\n\t<meta property=\"og:image:width\" content=\"500\" \/>\n\t<meta property=\"og:image:height\" content=\"232\" \/>\n\t<meta property=\"og:image:type\" content=\"image\/png\" \/>\n<meta name=\"twitter:card\" content=\"summary_large_image\" \/>\n<meta name=\"twitter:label1\" content=\"Dur\u00e9e de lecture estim\u00e9e\" \/>\n\t<meta name=\"twitter:data1\" content=\"2 minutes\" \/>\n<script type=\"application\/ld+json\" class=\"yoast-schema-graph\">{\"@context\":\"https:\/\/schema.org\",\"@graph\":[{\"@type\":\"WebPage\",\"@id\":\"https:\/\/raisepartner.com\/privacy-policy\/\",\"url\":\"https:\/\/raisepartner.com\/privacy-policy\/\",\"name\":\"Politique de confidentialit\u00e9 &#062; Raise Partner\",\"isPartOf\":{\"@id\":\"https:\/\/raisepartner.com\/#website\"},\"datePublished\":\"2023-09-18T08:18:07+00:00\",\"dateModified\":\"2024-05-02T13:17:05+00:00\",\"breadcrumb\":{\"@id\":\"https:\/\/raisepartner.com\/privacy-policy\/#breadcrumb\"},\"inLanguage\":\"fr-FR\",\"potentialAction\":[{\"@type\":\"ReadAction\",\"target\":[\"https:\/\/raisepartner.com\/privacy-policy\/\"]}]},{\"@type\":\"BreadcrumbList\",\"@id\":\"https:\/\/raisepartner.com\/privacy-policy\/#breadcrumb\",\"itemListElement\":[{\"@type\":\"ListItem\",\"position\":1,\"name\":\"Accueil\",\"item\":\"https:\/\/raisepartner.com\/fr\/\"},{\"@type\":\"ListItem\",\"position\":2,\"name\":\"Politique de confidentialit\u00e9\"}]},{\"@type\":\"WebSite\",\"@id\":\"https:\/\/raisepartner.com\/#website\",\"url\":\"https:\/\/raisepartner.com\/\",\"name\":\"Raise Partner\",\"description\":\"Bring trust and purpose to investment decisions\",\"publisher\":{\"@id\":\"https:\/\/raisepartner.com\/#organization\"},\"potentialAction\":[{\"@type\":\"SearchAction\",\"target\":{\"@type\":\"EntryPoint\",\"urlTemplate\":\"https:\/\/raisepartner.com\/?s={search_term_string}\"},\"query-input\":{\"@type\":\"PropertyValueSpecification\",\"valueRequired\":true,\"valueName\":\"search_term_string\"}}],\"inLanguage\":\"fr-FR\"},{\"@type\":\"Organization\",\"@id\":\"https:\/\/raisepartner.com\/#organization\",\"name\":\"Raise Partner\",\"url\":\"https:\/\/raisepartner.com\/\",\"logo\":{\"@type\":\"ImageObject\",\"inLanguage\":\"fr-FR\",\"@id\":\"https:\/\/raisepartner.com\/#\/schema\/logo\/image\/\",\"url\":\"https:\/\/raisepartner.wpenginepowered.com\/wp-content\/uploads\/2020\/12\/Logo-Raise-Partner.png\",\"contentUrl\":\"https:\/\/raisepartner.wpenginepowered.com\/wp-content\/uploads\/2020\/12\/Logo-Raise-Partner.png\",\"width\":500,\"height\":232,\"caption\":\"Raise Partner\"},\"image\":{\"@id\":\"https:\/\/raisepartner.com\/#\/schema\/logo\/image\/\"},\"sameAs\":[\"https:\/\/fr.linkedin.com\/company\/raise-partner\",\"https:\/\/www.youtube.com\/channel\/UCPm1CJK5Ajhyf-1Cp8dwfGw\"]}]}<\/script>\n<!-- \/ Yoast SEO plugin. -->","yoast_head_json":{"title":"Politique de confidentialit\u00e9 &#062; Raise Partner","robots":{"index":"noindex","follow":"follow"},"og_locale":"fr_FR","og_type":"article","og_title":"Politique de confidentialit\u00e9 &#062; Raise Partner","og_description":"Politique de confidentialit\u00e9 Home Introduction Bienvenue sur https:\/\/raisepartner.wpenginepowered.com. Nous respectons votre vie priv\u00e9e et voulons prot\u00e9ger vos donn\u00e9es personnelles. Cette politique de confidentialit\u00e9 vous informe sur la fa\u00e7on dont nous traitons vos donn\u00e9es personnelles lorsque vous visitez notre site web (quel que soit le lieu de votre visite) et vous informe sur vos droits en [&hellip;]","og_url":"https:\/\/raisepartner.com\/privacy-policy\/","og_site_name":"Raise Partner","article_modified_time":"2024-05-02T13:17:05+00:00","og_image":[{"width":500,"height":232,"url":"https:\/\/raisepartner.com\/wp-content\/uploads\/2020\/12\/Logo-Raise-Partner.png","type":"image\/png"}],"twitter_card":"summary_large_image","twitter_misc":{"Dur\u00e9e de lecture estim\u00e9e":"2 minutes"},"schema":{"@context":"https:\/\/schema.org","@graph":[{"@type":"WebPage","@id":"https:\/\/raisepartner.com\/privacy-policy\/","url":"https:\/\/raisepartner.com\/privacy-policy\/","name":"Politique de confidentialit\u00e9 &#062; Raise Partner","isPartOf":{"@id":"https:\/\/raisepartner.com\/#website"},"datePublished":"2023-09-18T08:18:07+00:00","dateModified":"2024-05-02T13:17:05+00:00","breadcrumb":{"@id":"https:\/\/raisepartner.com\/privacy-policy\/#breadcrumb"},"inLanguage":"fr-FR","potentialAction":[{"@type":"ReadAction","target":["https:\/\/raisepartner.com\/privacy-policy\/"]}]},{"@type":"BreadcrumbList","@id":"https:\/\/raisepartner.com\/privacy-policy\/#breadcrumb","itemListElement":[{"@type":"ListItem","position":1,"name":"Accueil","item":"https:\/\/raisepartner.com\/fr\/"},{"@type":"ListItem","position":2,"name":"Politique de confidentialit\u00e9"}]},{"@type":"WebSite","@id":"https:\/\/raisepartner.com\/#website","url":"https:\/\/raisepartner.com\/","name":"Raise Partner","description":"Bring trust and purpose to investment decisions","publisher":{"@id":"https:\/\/raisepartner.com\/#organization"},"potentialAction":[{"@type":"SearchAction","target":{"@type":"EntryPoint","urlTemplate":"https:\/\/raisepartner.com\/?s={search_term_string}"},"query-input":{"@type":"PropertyValueSpecification","valueRequired":true,"valueName":"search_term_string"}}],"inLanguage":"fr-FR"},{"@type":"Organization","@id":"https:\/\/raisepartner.com\/#organization","name":"Raise Partner","url":"https:\/\/raisepartner.com\/","logo":{"@type":"ImageObject","inLanguage":"fr-FR","@id":"https:\/\/raisepartner.com\/#\/schema\/logo\/image\/","url":"https:\/\/raisepartner.wpenginepowered.com\/wp-content\/uploads\/2020\/12\/Logo-Raise-Partner.png","contentUrl":"https:\/\/raisepartner.wpenginepowered.com\/wp-content\/uploads\/2020\/12\/Logo-Raise-Partner.png","width":500,"height":232,"caption":"Raise Partner"},"image":{"@id":"https:\/\/raisepartner.com\/#\/schema\/logo\/image\/"},"sameAs":["https:\/\/fr.linkedin.com\/company\/raise-partner","https:\/\/www.youtube.com\/channel\/UCPm1CJK5Ajhyf-1Cp8dwfGw"]}]}},"_links":{"self":[{"href":"https:\/\/raisepartner.com\/fr\/wp-json\/wp\/v2\/pages\/9015","targetHints":{"allow":["GET"]}}],"collection":[{"href":"https:\/\/raisepartner.com\/fr\/wp-json\/wp\/v2\/pages"}],"about":[{"href":"https:\/\/raisepartner.com\/fr\/wp-json\/wp\/v2\/types\/page"}],"author":[{"embeddable":true,"href":"https:\/\/raisepartner.com\/fr\/wp-json\/wp\/v2\/users\/3"}],"replies":[{"embeddable":true,"href":"https:\/\/raisepartner.com\/fr\/wp-json\/wp\/v2\/comments?post=9015"}],"version-history":[{"count":0,"href":"https:\/\/raisepartner.com\/fr\/wp-json\/wp\/v2\/pages\/9015\/revisions"}],"wp:attachment":[{"href":"https:\/\/raisepartner.com\/fr\/wp-json\/wp\/v2\/media?parent=9015"}],"curies":[{"name":"wp","href":"https:\/\/api.w.org\/{rel}","templated":true}]}}