{"id":9008,"date":"2023-09-18T08:23:25","date_gmt":"2023-09-18T08:23:25","guid":{"rendered":"https:\/\/raisepartner.wpenginepowered.com\/avis-juridique\/"},"modified":"2024-05-02T13:14:02","modified_gmt":"2024-05-02T13:14:02","slug":"mentions-legales","status":"publish","type":"page","link":"https:\/\/raisepartner.com\/fr\/mentions-legales\/","title":{"rendered":"Mentions l\u00e9gales"},"content":{"rendered":"\t\t<div data-elementor-type=\"wp-page\" data-elementor-id=\"9008\" class=\"elementor elementor-9008\" data-elementor-post-type=\"page\">\n\t\t\t\t\t\t<section class=\"elementor-section elementor-top-section elementor-element elementor-element-10d659e elementor-section-full_width elementor-section-height-min-height elementor-section-height-default elementor-section-items-middle\" data-id=\"10d659e\" data-element_type=\"section\" data-e-type=\"section\" data-settings=\"{&quot;background_background&quot;:&quot;classic&quot;}\">\n\t\t\t\t\t\t<div class=\"elementor-container elementor-column-gap-default\">\n\t\t\t\t\t<div class=\"elementor-column elementor-col-100 elementor-top-column elementor-element elementor-element-d440a1c\" data-id=\"d440a1c\" data-element_type=\"column\" data-e-type=\"column\" data-settings=\"{&quot;background_background&quot;:&quot;classic&quot;}\">\n\t\t\t<div class=\"elementor-widget-wrap elementor-element-populated\">\n\t\t\t\t\t<div class=\"elementor-background-overlay\"><\/div>\n\t\t\t\t\t\t<div class=\"elementor-element elementor-element-31639be elementor-widget elementor-widget-spacer\" data-id=\"31639be\" data-element_type=\"widget\" data-e-type=\"widget\" data-widget_type=\"spacer.default\">\n\t\t\t\t<div class=\"elementor-widget-container\">\n\t\t\t\t\t\t\t<div class=\"elementor-spacer\">\n\t\t\t<div class=\"elementor-spacer-inner\"><\/div>\n\t\t<\/div>\n\t\t\t\t\t\t<\/div>\n\t\t\t\t<\/div>\n\t\t\t\t<div class=\"elementor-element elementor-element-052cd5c elementor-widget elementor-widget-hub_fancy_heading\" data-id=\"052cd5c\" data-element_type=\"widget\" data-e-type=\"widget\" data-widget_type=\"hub_fancy_heading.default\">\n\t\t\t\t<div class=\"elementor-widget-container\">\n\t\t\t\t\t\n\t\t<div id=\"ld-fancy-heading-69e4a189be81d\" class=\"ld-fancy-heading pos-rel\">\n\t\t\t<h1 class=\"ld-fh-element d-inline-block pos-rel  elementor-heading-title lqd-highlight-classic lqd-highlight-grow-left h1\"  > Mentions l\u00e9gales<\/h1>\t\t<\/div>\n\n\t\t\t\t\t\t<\/div>\n\t\t\t\t<\/div>\n\t\t\t\t<div class=\"elementor-element elementor-element-a90d513 elementor-widget-mobile__width-auto breadcrumb elementor-widget elementor-widget-ld_breadcrumb\" data-id=\"a90d513\" data-element_type=\"widget\" data-e-type=\"widget\" data-widget_type=\"ld_breadcrumb.default\">\n\t\t\t\t<div class=\"elementor-widget-container\">\n\t\t\t\t\t<div class=\"lqd-breadcrumb-wrapper\"><nav role=\"navigation\" aria-label=\"Breadcrumbs\" class=\"breadcrumbs\"><ol class=\"breadcrumb reset-ul inline-nav inline-ul comma-sep-li\"><li class=\"breadcrumb-item active\"><a href=\"https:\/\/raisepartner.com\/fr\/\" rel=\"home\"><span>Home<\/span><\/a><\/li><\/ol><\/nav><\/div>\t\t\t\t<\/div>\n\t\t\t\t<\/div>\n\t\t\t\t<div class=\"elementor-element elementor-element-fa2c10a elementor-widget elementor-widget-spacer\" data-id=\"fa2c10a\" data-element_type=\"widget\" data-e-type=\"widget\" data-widget_type=\"spacer.default\">\n\t\t\t\t<div class=\"elementor-widget-container\">\n\t\t\t\t\t\t\t<div class=\"elementor-spacer\">\n\t\t\t<div class=\"elementor-spacer-inner\"><\/div>\n\t\t<\/div>\n\t\t\t\t\t\t<\/div>\n\t\t\t\t<\/div>\n\t\t\t\t\t<\/div>\n\t\t<\/div>\n\t\t\t\t\t<\/div>\n\t\t<\/section>\n\t\t\t\t<section class=\"elementor-section elementor-top-section elementor-element elementor-element-cea47be elementor-section-boxed elementor-section-height-default elementor-section-height-default\" data-id=\"cea47be\" data-element_type=\"section\" data-e-type=\"section\" id=\"company\">\n\t\t\t\t\t\t<div class=\"elementor-container elementor-column-gap-no\">\n\t\t\t\t\t<div class=\"elementor-column elementor-col-100 elementor-top-column elementor-element elementor-element-3656d36\" data-id=\"3656d36\" data-element_type=\"column\" data-e-type=\"column\">\n\t\t\t<div class=\"elementor-widget-wrap elementor-element-populated\">\n\t\t\t\t\t\t<section data-custom-animations=\"true\" data-ca-options=\"{&quot;addChildTimelines&quot;:false,&quot;trigger&quot;:&quot;firstChild&quot;,&quot;animationTarget&quot;:&quot;:scope &gt; .elementor-container &gt; .elementor-column&quot;,&quot;startDelay&quot;:200,&quot;ease&quot;:[&quot;power4.out&quot;],&quot;initValues&quot;:{&quot;y&quot;:&quot;30px&quot;,&quot;opacity&quot;:0,&quot;transformOrigin&quot;:&quot;50% 50% 0px&quot;},&quot;animations&quot;:{&quot;y&quot;:&quot;0px&quot;,&quot;opacity&quot;:1,&quot;transformOrigin&quot;:&quot;50% 50% 0px&quot;}}\" class=\"elementor-section elementor-inner-section elementor-element elementor-element-62f1466 elementor-section-boxed elementor-section-height-default elementor-section-height-default\" data-id=\"62f1466\" data-element_type=\"section\" data-e-type=\"section\">\n\t\t\t\t\t\t<div class=\"elementor-container elementor-column-gap-default\">\n\t\t\t\t\t<div class=\"elementor-column elementor-col-100 elementor-inner-column elementor-element elementor-element-d52d760\" data-id=\"d52d760\" data-element_type=\"column\" data-e-type=\"column\">\n\t\t\t<div class=\"elementor-widget-wrap elementor-element-populated\">\n\t\t\t\t\t\t<div class=\"elementor-element elementor-element-dd62f15 elementor-widget elementor-widget-text-editor\" data-id=\"dd62f15\" data-element_type=\"widget\" data-e-type=\"widget\" data-widget_type=\"text-editor.default\">\n\t\t\t\t<div class=\"elementor-widget-container\">\n\t\t\t\t\t\t\t\t\t<h2>\u00c9diteur du site<\/h2>\n<p>Site web de Raise Partner :&nbsp;<a href=\"about:blank\">https:\/\/raisepartner.wpenginepowered.com<\/a><\/p>\n<p><strong>Contact:<\/strong>&nbsp;Mail:&nbsp;<a href=\"about:blank\">contact@raisepartner.com<\/a><\/p>\n<p>Le site&nbsp;<a href=\"about:blank\">https:\/\/raisepartner.wpenginepowered.com<\/a>&nbsp;est la propri\u00e9t\u00e9 de Raise Partner.<\/p>\n<h2>H\u00e9bergement<\/h2>\n<p>O2switch<br>Chem. des Pardiaux, 63000 Clermont-Ferrand<\/p>\n<h2>Propri\u00e9t\u00e9 intellectuelle<\/h2>\n<p>Tout le contenu de ce site web, y compris mais sans s&rsquo;y limiter, les textes, les images, les graphiques, les logos, les ic\u00f4nes et les logiciels, est la propri\u00e9t\u00e9 de Raise Partner ou de ses fournisseurs de contenu et est prot\u00e9g\u00e9 par les lois internationales sur le droit d&rsquo;auteur. La compilation de tout le contenu de ce site est la propri\u00e9t\u00e9 exclusive de Raise Partner.<\/p>\n<h2>Limitation de responsabilit\u00e9<\/h2>\n<p>Raise Partner et ses associ\u00e9s s&rsquo;efforcent d&rsquo;\u00eatre aussi pr\u00e9cis que possible. Toutefois, Raise Partner ne garantit pas que le contenu de ce site soit exact, complet, fiable, actuel ou exempt d&rsquo;erreurs. Ce site est fourni par Raise Partner \u00ab tel quel \u00bb et \u00ab selon disponibilit\u00e9 \u00bb.<br><\/p>\n<h2>Politique de confidentialit\u00e9<\/h2>\n<p>Les utilisateurs sont invit\u00e9s \u00e0 consulter la <a href=\"about:blank\">Politique de confidentialit\u00e9<\/a>&nbsp;qui est accessible via un lien en bas de chaque page.<\/p>\n<h2>Modifications<\/h2>\n<p>Raise Partner se r\u00e9serve le droit de modifier le contenu de cette mention l\u00e9gale \u00e0 tout moment et sans pr\u00e9avis. Les utilisateurs sont donc encourag\u00e9s \u00e0 le consulter r\u00e9guli\u00e8rement.<\/p>\n<h2>Droit applicable<\/h2>\n<p>Cette mention l\u00e9gale est soumise au droit fran\u00e7ais.<\/p>\t\t\t\t\t\t\t\t<\/div>\n\t\t\t\t<\/div>\n\t\t\t\t\t<\/div>\n\t\t<\/div>\n\t\t\t\t\t<\/div>\n\t\t<\/section>\n\t\t\t\t\t<\/div>\n\t\t<\/div>\n\t\t\t\t\t<\/div>\n\t\t<\/section>\n\t\t\t\t<\/div>\n\t\t","protected":false},"excerpt":{"rendered":"<p>Mentions l\u00e9gales Home \u00c9diteur du site Site web de Raise Partner :&nbsp;https:\/\/raisepartner.wpenginepowered.com Contact:&nbsp;Mail:&nbsp;contact@raisepartner.com Le site&nbsp;https:\/\/raisepartner.wpenginepowered.com&nbsp;est la propri\u00e9t\u00e9 de Raise Partner. H\u00e9bergement O2switchChem. des Pardiaux, 63000 Clermont-Ferrand Propri\u00e9t\u00e9 intellectuelle Tout le contenu de ce site web, y compris mais sans s&rsquo;y limiter, les textes, les images, les graphiques, les logos, les ic\u00f4nes et les logiciels, est [&hellip;]<\/p>\n","protected":false},"author":3,"featured_media":0,"parent":0,"menu_order":0,"comment_status":"closed","ping_status":"closed","template":"","meta":{"footnotes":"","_links_to":"","_links_to_target":""},"class_list":["post-9008","page","type-page","status-publish","hentry"],"yoast_head":"<!-- This site is optimized with the Yoast SEO plugin v27.2 - https:\/\/yoast.com\/product\/yoast-seo-wordpress\/ -->\n<title>Mentions l\u00e9gales &#062; Raise Partner<\/title>\n<meta name=\"robots\" content=\"noindex, follow\" \/>\n<meta property=\"og:locale\" content=\"fr_FR\" \/>\n<meta property=\"og:type\" content=\"article\" \/>\n<meta property=\"og:title\" content=\"Mentions l\u00e9gales &#062; Raise Partner\" \/>\n<meta property=\"og:description\" content=\"Mentions l\u00e9gales Home \u00c9diteur du site Site web de Raise Partner :&nbsp;https:\/\/raisepartner.wpenginepowered.com Contact:&nbsp;Mail:&nbsp;contact@raisepartner.com Le site&nbsp;https:\/\/raisepartner.wpenginepowered.com&nbsp;est la propri\u00e9t\u00e9 de Raise Partner. H\u00e9bergement O2switchChem. des Pardiaux, 63000 Clermont-Ferrand Propri\u00e9t\u00e9 intellectuelle Tout le contenu de ce site web, y compris mais sans s&rsquo;y limiter, les textes, les images, les graphiques, les logos, les ic\u00f4nes et les logiciels, est [&hellip;]\" \/>\n<meta property=\"og:url\" content=\"https:\/\/raisepartner.com\/legal-notice\/\" \/>\n<meta property=\"og:site_name\" content=\"Raise Partner\" \/>\n<meta property=\"article:modified_time\" content=\"2024-05-02T13:14:02+00:00\" \/>\n<meta property=\"og:image\" content=\"https:\/\/raisepartner.com\/wp-content\/uploads\/2020\/12\/Logo-Raise-Partner.png\" \/>\n\t<meta property=\"og:image:width\" content=\"500\" \/>\n\t<meta property=\"og:image:height\" content=\"232\" \/>\n\t<meta property=\"og:image:type\" content=\"image\/png\" \/>\n<meta name=\"twitter:card\" content=\"summary_large_image\" \/>\n<meta name=\"twitter:label1\" content=\"Dur\u00e9e de lecture estim\u00e9e\" \/>\n\t<meta name=\"twitter:data1\" content=\"2 minutes\" \/>\n<script type=\"application\/ld+json\" class=\"yoast-schema-graph\">{\"@context\":\"https:\/\/schema.org\",\"@graph\":[{\"@type\":\"WebPage\",\"@id\":\"https:\/\/raisepartner.com\/legal-notice\/\",\"url\":\"https:\/\/raisepartner.com\/legal-notice\/\",\"name\":\"Mentions l\u00e9gales &#062; Raise Partner\",\"isPartOf\":{\"@id\":\"https:\/\/raisepartner.com\/#website\"},\"datePublished\":\"2023-09-18T08:23:25+00:00\",\"dateModified\":\"2024-05-02T13:14:02+00:00\",\"breadcrumb\":{\"@id\":\"https:\/\/raisepartner.com\/legal-notice\/#breadcrumb\"},\"inLanguage\":\"fr-FR\",\"potentialAction\":[{\"@type\":\"ReadAction\",\"target\":[\"https:\/\/raisepartner.com\/legal-notice\/\"]}]},{\"@type\":\"BreadcrumbList\",\"@id\":\"https:\/\/raisepartner.com\/legal-notice\/#breadcrumb\",\"itemListElement\":[{\"@type\":\"ListItem\",\"position\":1,\"name\":\"Accueil\",\"item\":\"https:\/\/raisepartner.com\/fr\/\"},{\"@type\":\"ListItem\",\"position\":2,\"name\":\"Mentions l\u00e9gales\"}]},{\"@type\":\"WebSite\",\"@id\":\"https:\/\/raisepartner.com\/#website\",\"url\":\"https:\/\/raisepartner.com\/\",\"name\":\"Raise Partner\",\"description\":\"Bring trust and purpose to investment decisions\",\"publisher\":{\"@id\":\"https:\/\/raisepartner.com\/#organization\"},\"potentialAction\":[{\"@type\":\"SearchAction\",\"target\":{\"@type\":\"EntryPoint\",\"urlTemplate\":\"https:\/\/raisepartner.com\/?s={search_term_string}\"},\"query-input\":{\"@type\":\"PropertyValueSpecification\",\"valueRequired\":true,\"valueName\":\"search_term_string\"}}],\"inLanguage\":\"fr-FR\"},{\"@type\":\"Organization\",\"@id\":\"https:\/\/raisepartner.com\/#organization\",\"name\":\"Raise Partner\",\"url\":\"https:\/\/raisepartner.com\/\",\"logo\":{\"@type\":\"ImageObject\",\"inLanguage\":\"fr-FR\",\"@id\":\"https:\/\/raisepartner.com\/#\/schema\/logo\/image\/\",\"url\":\"https:\/\/raisepartner.wpenginepowered.com\/wp-content\/uploads\/2020\/12\/Logo-Raise-Partner.png\",\"contentUrl\":\"https:\/\/raisepartner.wpenginepowered.com\/wp-content\/uploads\/2020\/12\/Logo-Raise-Partner.png\",\"width\":500,\"height\":232,\"caption\":\"Raise Partner\"},\"image\":{\"@id\":\"https:\/\/raisepartner.com\/#\/schema\/logo\/image\/\"},\"sameAs\":[\"https:\/\/fr.linkedin.com\/company\/raise-partner\",\"https:\/\/www.youtube.com\/channel\/UCPm1CJK5Ajhyf-1Cp8dwfGw\"]}]}<\/script>\n<!-- \/ Yoast SEO plugin. -->","yoast_head_json":{"title":"Mentions l\u00e9gales &#062; Raise Partner","robots":{"index":"noindex","follow":"follow"},"og_locale":"fr_FR","og_type":"article","og_title":"Mentions l\u00e9gales &#062; Raise Partner","og_description":"Mentions l\u00e9gales Home \u00c9diteur du site Site web de Raise Partner :&nbsp;https:\/\/raisepartner.wpenginepowered.com Contact:&nbsp;Mail:&nbsp;contact@raisepartner.com Le site&nbsp;https:\/\/raisepartner.wpenginepowered.com&nbsp;est la propri\u00e9t\u00e9 de Raise Partner. H\u00e9bergement O2switchChem. des Pardiaux, 63000 Clermont-Ferrand Propri\u00e9t\u00e9 intellectuelle Tout le contenu de ce site web, y compris mais sans s&rsquo;y limiter, les textes, les images, les graphiques, les logos, les ic\u00f4nes et les logiciels, est [&hellip;]","og_url":"https:\/\/raisepartner.com\/legal-notice\/","og_site_name":"Raise Partner","article_modified_time":"2024-05-02T13:14:02+00:00","og_image":[{"width":500,"height":232,"url":"https:\/\/raisepartner.com\/wp-content\/uploads\/2020\/12\/Logo-Raise-Partner.png","type":"image\/png"}],"twitter_card":"summary_large_image","twitter_misc":{"Dur\u00e9e de lecture estim\u00e9e":"2 minutes"},"schema":{"@context":"https:\/\/schema.org","@graph":[{"@type":"WebPage","@id":"https:\/\/raisepartner.com\/legal-notice\/","url":"https:\/\/raisepartner.com\/legal-notice\/","name":"Mentions l\u00e9gales &#062; Raise Partner","isPartOf":{"@id":"https:\/\/raisepartner.com\/#website"},"datePublished":"2023-09-18T08:23:25+00:00","dateModified":"2024-05-02T13:14:02+00:00","breadcrumb":{"@id":"https:\/\/raisepartner.com\/legal-notice\/#breadcrumb"},"inLanguage":"fr-FR","potentialAction":[{"@type":"ReadAction","target":["https:\/\/raisepartner.com\/legal-notice\/"]}]},{"@type":"BreadcrumbList","@id":"https:\/\/raisepartner.com\/legal-notice\/#breadcrumb","itemListElement":[{"@type":"ListItem","position":1,"name":"Accueil","item":"https:\/\/raisepartner.com\/fr\/"},{"@type":"ListItem","position":2,"name":"Mentions l\u00e9gales"}]},{"@type":"WebSite","@id":"https:\/\/raisepartner.com\/#website","url":"https:\/\/raisepartner.com\/","name":"Raise Partner","description":"Bring trust and purpose to investment decisions","publisher":{"@id":"https:\/\/raisepartner.com\/#organization"},"potentialAction":[{"@type":"SearchAction","target":{"@type":"EntryPoint","urlTemplate":"https:\/\/raisepartner.com\/?s={search_term_string}"},"query-input":{"@type":"PropertyValueSpecification","valueRequired":true,"valueName":"search_term_string"}}],"inLanguage":"fr-FR"},{"@type":"Organization","@id":"https:\/\/raisepartner.com\/#organization","name":"Raise Partner","url":"https:\/\/raisepartner.com\/","logo":{"@type":"ImageObject","inLanguage":"fr-FR","@id":"https:\/\/raisepartner.com\/#\/schema\/logo\/image\/","url":"https:\/\/raisepartner.wpenginepowered.com\/wp-content\/uploads\/2020\/12\/Logo-Raise-Partner.png","contentUrl":"https:\/\/raisepartner.wpenginepowered.com\/wp-content\/uploads\/2020\/12\/Logo-Raise-Partner.png","width":500,"height":232,"caption":"Raise Partner"},"image":{"@id":"https:\/\/raisepartner.com\/#\/schema\/logo\/image\/"},"sameAs":["https:\/\/fr.linkedin.com\/company\/raise-partner","https:\/\/www.youtube.com\/channel\/UCPm1CJK5Ajhyf-1Cp8dwfGw"]}]}},"_links":{"self":[{"href":"https:\/\/raisepartner.com\/fr\/wp-json\/wp\/v2\/pages\/9008","targetHints":{"allow":["GET"]}}],"collection":[{"href":"https:\/\/raisepartner.com\/fr\/wp-json\/wp\/v2\/pages"}],"about":[{"href":"https:\/\/raisepartner.com\/fr\/wp-json\/wp\/v2\/types\/page"}],"author":[{"embeddable":true,"href":"https:\/\/raisepartner.com\/fr\/wp-json\/wp\/v2\/users\/3"}],"replies":[{"embeddable":true,"href":"https:\/\/raisepartner.com\/fr\/wp-json\/wp\/v2\/comments?post=9008"}],"version-history":[{"count":0,"href":"https:\/\/raisepartner.com\/fr\/wp-json\/wp\/v2\/pages\/9008\/revisions"}],"wp:attachment":[{"href":"https:\/\/raisepartner.com\/fr\/wp-json\/wp\/v2\/media?parent=9008"}],"curies":[{"name":"wp","href":"https:\/\/api.w.org\/{rel}","templated":true}]}}